{"id":74,"date":"2013-09-16T15:22:26","date_gmt":"2013-09-16T15:22:26","guid":{"rendered":"http:\/\/margreiter.zge.la\/?post_type=product&#038;p=74"},"modified":"2023-11-10T10:08:33","modified_gmt":"2023-11-10T09:08:33","slug":"appenzeller-gurtel-rot","status":"publish","type":"product","link":"https:\/\/margreiter.ch\/en\/produkt\/appenzeller-gurtel-rot\/","title":{"rendered":"Appenzeller G\u00fcrtel (rot)"},"content":{"rendered":"<p>Original Appenzeller G\u00fcrtel<\/p>\n<p>Material: Leder und Messingbeschl\u00e4ge<\/p>\n<p>Gr\u00f6ssenhinweis:<\/p>\n<p>Breite: 4 cm<\/p>\n<p>L\u00e4nge: Messen Sie den Bauchumfang (Bundweite) und addieren Sie 13 cm dazu<\/p>\n<p>H\u00fcftumfang + 13 cm = G\u00fcrtelgr\u00f6sse<\/p>\n","protected":false},"excerpt":{"rendered":"<p>Original Appenzeller G\u00fcrtel Material: Leder und Messingbeschl\u00e4ge Gr\u00f6ssenhinweis: Breite: 4 cm L\u00e4nge: Messen Sie den Bauchumfang (Bundweite) und addieren Sie 13 cm dazu H\u00fcftumfang + 13 cm = G\u00fcrtelgr\u00f6sse<\/p>\n","protected":false},"featured_media":491,"comment_status":"open","ping_status":"closed","template":"","meta":[],"product_cat":[176,175],"product_tag":[335,218,318,219,319,317],"_links":{"self":[{"href":"https:\/\/margreiter.ch\/en\/wp-json\/wp\/v2\/product\/74"}],"collection":[{"href":"https:\/\/margreiter.ch\/en\/wp-json\/wp\/v2\/product"}],"about":[{"href":"https:\/\/margreiter.ch\/en\/wp-json\/wp\/v2\/types\/product"}],"replies":[{"embeddable":true,"href":"https:\/\/margreiter.ch\/en\/wp-json\/wp\/v2\/comments?post=74"}],"wp:featuredmedia":[{"embeddable":true,"href":"https:\/\/margreiter.ch\/en\/wp-json\/wp\/v2\/media\/491"}],"wp:attachment":[{"href":"https:\/\/margreiter.ch\/en\/wp-json\/wp\/v2\/media?parent=74"}],"wp:term":[{"taxonomy":"product_cat","embeddable":true,"href":"https:\/\/margreiter.ch\/en\/wp-json\/wp\/v2\/product_cat?post=74"},{"taxonomy":"product_tag","embeddable":true,"href":"https:\/\/margreiter.ch\/en\/wp-json\/wp\/v2\/product_tag?post=74"}],"curies":[{"name":"wp","href":"https:\/\/api.w.org\/{rel}","templated":true}]}}