{"id":2147,"date":"2020-10-28T13:37:21","date_gmt":"2020-10-28T13:37:21","guid":{"rendered":"https:\/\/www.margreiter.ch\/?post_type=product&#038;p=2147"},"modified":"2020-10-28T14:09:23","modified_gmt":"2020-10-28T14:09:23","slug":"appenzeller-retroguertel-braun-kopie","status":"publish","type":"product","link":"https:\/\/margreiter.ch\/en\/produkt\/appenzeller-retroguertel-braun-kopie\/","title":{"rendered":"Appenzeller Retrog\u00fcrtel (braun)"},"content":{"rendered":"<p>Original Appenzeller G\u00fcrtel<\/p>\n<p>Material: Leder und Neusilberbeschl\u00e4ge<\/p>\n<p>Gr\u00f6ssenhinweis:<\/p>\n<p>Breite: 4 cm<\/p>\n<p>L\u00e4nge: Messen Sie den Bauchumfang (Bundweite) und addieren Sie 13 cm dazu<\/p>\n<p>H\u00fcftumfang + 13 cm = G\u00fcrtelgr\u00f6sse<\/p>\n","protected":false},"excerpt":{"rendered":"<p>Original Appenzeller G\u00fcrtel Material: Leder und Neusilberbeschl\u00e4ge Gr\u00f6ssenhinweis: Breite: 4 cm L\u00e4nge: Messen Sie den Bauchumfang (Bundweite) und addieren Sie 13 cm dazu H\u00fcftumfang + 13 cm = G\u00fcrtelgr\u00f6sse<\/p>\n","protected":false},"featured_media":2148,"comment_status":"open","ping_status":"closed","template":"","meta":[],"product_cat":[176,175],"product_tag":[335,218,318,219,319,317],"_links":{"self":[{"href":"https:\/\/margreiter.ch\/en\/wp-json\/wp\/v2\/product\/2147"}],"collection":[{"href":"https:\/\/margreiter.ch\/en\/wp-json\/wp\/v2\/product"}],"about":[{"href":"https:\/\/margreiter.ch\/en\/wp-json\/wp\/v2\/types\/product"}],"replies":[{"embeddable":true,"href":"https:\/\/margreiter.ch\/en\/wp-json\/wp\/v2\/comments?post=2147"}],"wp:featuredmedia":[{"embeddable":true,"href":"https:\/\/margreiter.ch\/en\/wp-json\/wp\/v2\/media\/2148"}],"wp:attachment":[{"href":"https:\/\/margreiter.ch\/en\/wp-json\/wp\/v2\/media?parent=2147"}],"wp:term":[{"taxonomy":"product_cat","embeddable":true,"href":"https:\/\/margreiter.ch\/en\/wp-json\/wp\/v2\/product_cat?post=2147"},{"taxonomy":"product_tag","embeddable":true,"href":"https:\/\/margreiter.ch\/en\/wp-json\/wp\/v2\/product_tag?post=2147"}],"curies":[{"name":"wp","href":"https:\/\/api.w.org\/{rel}","templated":true}]}}