{"id":211,"date":"2013-09-17T12:06:23","date_gmt":"2013-09-17T12:06:23","guid":{"rendered":"http:\/\/margreiter.zge.la\/?post_type=product&#038;p=71"},"modified":"2023-11-09T13:42:17","modified_gmt":"2023-11-09T12:42:17","slug":"appenzeller-gurtel-messing","status":"publish","type":"product","link":"https:\/\/margreiter.ch\/en\/produkt\/appenzeller-gurtel-messing\/","title":{"rendered":"Appenzeller G\u00fcrtel (Messing)"},"content":{"rendered":"<p>Original Appenzeller G\u00fcrtel<\/p>\n<p>Material: Leder und Messingbeschl\u00e4ge<\/p>\n<p>Gr\u00f6ssenhinweis:<\/p>\n<p>Breite: 4 cm<\/p>\n<p>L\u00e4nge: Messen Sie den Bauchumfang (Bundweite) und addieren Sie 13 cm dazu<\/p>\n<p>H\u00fcftumfang + 13 cm = G\u00fcrtelgr\u00f6sse<\/p>\n","protected":false},"excerpt":{"rendered":"<p>Original Appenzeller G\u00fcrtel Material: Leder und Messingbeschl\u00e4ge Gr\u00f6ssenhinweis: Breite: 4 cm L\u00e4nge: Messen Sie den Bauchumfang (Bundweite) und addieren Sie 13 cm dazu H\u00fcftumfang + 13 cm = G\u00fcrtelgr\u00f6sse<\/p>\n","protected":false},"featured_media":489,"comment_status":"open","ping_status":"closed","template":"","meta":[],"product_cat":[176,175],"product_tag":[335,218,318,219,319,317],"_links":{"self":[{"href":"https:\/\/margreiter.ch\/en\/wp-json\/wp\/v2\/product\/211"}],"collection":[{"href":"https:\/\/margreiter.ch\/en\/wp-json\/wp\/v2\/product"}],"about":[{"href":"https:\/\/margreiter.ch\/en\/wp-json\/wp\/v2\/types\/product"}],"replies":[{"embeddable":true,"href":"https:\/\/margreiter.ch\/en\/wp-json\/wp\/v2\/comments?post=211"}],"wp:featuredmedia":[{"embeddable":true,"href":"https:\/\/margreiter.ch\/en\/wp-json\/wp\/v2\/media\/489"}],"wp:attachment":[{"href":"https:\/\/margreiter.ch\/en\/wp-json\/wp\/v2\/media?parent=211"}],"wp:term":[{"taxonomy":"product_cat","embeddable":true,"href":"https:\/\/margreiter.ch\/en\/wp-json\/wp\/v2\/product_cat?post=211"},{"taxonomy":"product_tag","embeddable":true,"href":"https:\/\/margreiter.ch\/en\/wp-json\/wp\/v2\/product_tag?post=211"}],"curies":[{"name":"wp","href":"https:\/\/api.w.org\/{rel}","templated":true}]}}