{"id":205,"date":"2013-09-17T13:04:07","date_gmt":"2013-09-17T11:04:07","guid":{"rendered":"http:\/\/margreiter.zge.la\/?post_type=product&#038;p=65"},"modified":"2023-11-10T10:12:20","modified_gmt":"2023-11-10T09:12:20","slug":"kinder-edelweisshemd-durchgeknopft","status":"publish","type":"product","link":"https:\/\/margreiter.ch\/en\/produkt\/kinder-edelweisshemd-durchgeknopft\/","title":{"rendered":"Kinder Edelweisshemd durchgekn\u00f6pft (langarm)"},"content":{"rendered":"<p>Material: 100 % gewobene Baumwolle, innenseite gewalkt, sehr strapazierf\u00e4hig<\/p>\n<p>Passform: Seiten gerade geschnitten, eher lang &#8211; werden \u00fcblicherweise in der Hose getragen<\/p>\n<p>Gr\u00f6ssenhinweis: Gr\u00f6sse in Jahren angegeben<\/p>\n<p>&nbsp;<\/p>\n","protected":false},"excerpt":{"rendered":"<p>Material: 100 % gewobene Baumwolle, innenseite gewalkt, sehr strapazierf\u00e4hig Passform: Seiten gerade geschnitten, eher lang &#8211; werden \u00fcblicherweise in der Hose getragen Gr\u00f6ssenhinweis: Gr\u00f6sse in Jahren angegeben &nbsp;<\/p>\n","protected":false},"featured_media":401,"comment_status":"open","ping_status":"closed","template":"","meta":[],"product_cat":[178,180],"product_tag":[253,256,252,254,255],"_links":{"self":[{"href":"https:\/\/margreiter.ch\/en\/wp-json\/wp\/v2\/product\/205"}],"collection":[{"href":"https:\/\/margreiter.ch\/en\/wp-json\/wp\/v2\/product"}],"about":[{"href":"https:\/\/margreiter.ch\/en\/wp-json\/wp\/v2\/types\/product"}],"replies":[{"embeddable":true,"href":"https:\/\/margreiter.ch\/en\/wp-json\/wp\/v2\/comments?post=205"}],"wp:featuredmedia":[{"embeddable":true,"href":"https:\/\/margreiter.ch\/en\/wp-json\/wp\/v2\/media\/401"}],"wp:attachment":[{"href":"https:\/\/margreiter.ch\/en\/wp-json\/wp\/v2\/media?parent=205"}],"wp:term":[{"taxonomy":"product_cat","embeddable":true,"href":"https:\/\/margreiter.ch\/en\/wp-json\/wp\/v2\/product_cat?post=205"},{"taxonomy":"product_tag","embeddable":true,"href":"https:\/\/margreiter.ch\/en\/wp-json\/wp\/v2\/product_tag?post=205"}],"curies":[{"name":"wp","href":"https:\/\/api.w.org\/{rel}","templated":true}]}}