{"id":203,"date":"2013-09-17T13:13:35","date_gmt":"2013-09-17T13:13:35","guid":{"rendered":"http:\/\/margreiter.zge.la\/?post_type=product&#038;p=63"},"modified":"2023-11-10T10:10:55","modified_gmt":"2023-11-10T09:10:55","slug":"kinder-original-edelweisshemd-kurzarm","status":"publish","type":"product","link":"https:\/\/margreiter.ch\/en\/produkt\/kinder-original-edelweisshemd-kurzarm\/","title":{"rendered":"Kinder Original Edelweisshemd (kurzarm)"},"content":{"rendered":"<p>Material: 100 % gewobene Baumwolle, innenseite gewalkt, sehr strapazierf\u00e4hig<\/p>\n<p>Passform: Seiten gerade geschnitten, eher lang &#8211; werden \u00fcblicherweise in der Hose getragen<\/p>\n<p>Gr\u00f6ssenhinweis: Gr\u00f6sse in Jahren angegeben<\/p>\n<p>Bis zur Mitte gekn\u00f6pft mit Stehkragen<\/p>\n<p>&nbsp;<\/p>\n","protected":false},"excerpt":{"rendered":"<p>Material: 100 % gewobene Baumwolle, innenseite gewalkt, sehr strapazierf\u00e4hig Passform: Seiten gerade geschnitten, eher lang &#8211; werden \u00fcblicherweise in der Hose getragen Gr\u00f6ssenhinweis: Gr\u00f6sse in Jahren angegeben Bis zur Mitte gekn\u00f6pft mit Stehkragen &nbsp;<\/p>\n","protected":false},"featured_media":400,"comment_status":"open","ping_status":"closed","template":"","meta":[],"product_cat":[178,180],"product_tag":[225,336,256,272,224],"_links":{"self":[{"href":"https:\/\/margreiter.ch\/en\/wp-json\/wp\/v2\/product\/203"}],"collection":[{"href":"https:\/\/margreiter.ch\/en\/wp-json\/wp\/v2\/product"}],"about":[{"href":"https:\/\/margreiter.ch\/en\/wp-json\/wp\/v2\/types\/product"}],"replies":[{"embeddable":true,"href":"https:\/\/margreiter.ch\/en\/wp-json\/wp\/v2\/comments?post=203"}],"wp:featuredmedia":[{"embeddable":true,"href":"https:\/\/margreiter.ch\/en\/wp-json\/wp\/v2\/media\/400"}],"wp:attachment":[{"href":"https:\/\/margreiter.ch\/en\/wp-json\/wp\/v2\/media?parent=203"}],"wp:term":[{"taxonomy":"product_cat","embeddable":true,"href":"https:\/\/margreiter.ch\/en\/wp-json\/wp\/v2\/product_cat?post=203"},{"taxonomy":"product_tag","embeddable":true,"href":"https:\/\/margreiter.ch\/en\/wp-json\/wp\/v2\/product_tag?post=203"}],"curies":[{"name":"wp","href":"https:\/\/api.w.org\/{rel}","templated":true}]}}