{"id":198,"date":"2013-09-17T13:01:07","date_gmt":"2013-09-17T13:01:07","guid":{"rendered":"http:\/\/margreiter.zge.la\/?post_type=product&#038;p=38"},"modified":"2023-11-10T10:19:19","modified_gmt":"2023-11-10T09:19:19","slug":"original-sennenhemd-kurzarmanthrazit","status":"publish","type":"product","link":"https:\/\/margreiter.ch\/en\/produkt\/original-sennenhemd-kurzarmanthrazit\/","title":{"rendered":"Original Edelweisshemd (kurzarm\/anthrazit)"},"content":{"rendered":"<p>Material: Jacquard-Qualit\u00e4tsgewebe &#8220;Edelweiss&#8221; aus 100 % reiner Baumwolle, Innenseite leicht gerauht, einlaufvorbehandelt (sansforisiert), b\u00fcgelleichte Ausr\u00fcstung (easy-care), sehr strapazierf\u00e4hig<\/p>\n<p>Passform: Seiten gerade geschnitten, eher lang &#8211; werden \u00fcblicherweise in der Hose getragen<\/p>\n<p>Gr\u00f6ssenhinweis: Gr\u00f6sse gibt Halsumfang an, Unisex<\/p>\n<p>Bis zur Mitte gekn\u00f6pft mit Brusteinsatz<\/p>\n","protected":false},"excerpt":{"rendered":"<p>Material: Jacquard-Qualit\u00e4tsgewebe &#8220;Edelweiss&#8221; aus 100 % reiner Baumwolle, Innenseite leicht gerauht, einlaufvorbehandelt (sansforisiert), b\u00fcgelleichte Ausr\u00fcstung (easy-care), sehr strapazierf\u00e4hig Passform: Seiten gerade geschnitten, eher lang &#8211; werden \u00fcblicherweise in der Hose getragen Gr\u00f6ssenhinweis: Gr\u00f6sse gibt Halsumfang an, Unisex Bis zur Mitte &hellip; <a href=\"https:\/\/margreiter.ch\/en\/produkt\/original-sennenhemd-kurzarmanthrazit\/\">Continued<\/a><\/p>\n","protected":false},"featured_media":391,"comment_status":"open","ping_status":"closed","template":"","meta":[],"product_cat":[177,178,179],"product_tag":[225,270,221,271,224],"_links":{"self":[{"href":"https:\/\/margreiter.ch\/en\/wp-json\/wp\/v2\/product\/198"}],"collection":[{"href":"https:\/\/margreiter.ch\/en\/wp-json\/wp\/v2\/product"}],"about":[{"href":"https:\/\/margreiter.ch\/en\/wp-json\/wp\/v2\/types\/product"}],"replies":[{"embeddable":true,"href":"https:\/\/margreiter.ch\/en\/wp-json\/wp\/v2\/comments?post=198"}],"wp:featuredmedia":[{"embeddable":true,"href":"https:\/\/margreiter.ch\/en\/wp-json\/wp\/v2\/media\/391"}],"wp:attachment":[{"href":"https:\/\/margreiter.ch\/en\/wp-json\/wp\/v2\/media?parent=198"}],"wp:term":[{"taxonomy":"product_cat","embeddable":true,"href":"https:\/\/margreiter.ch\/en\/wp-json\/wp\/v2\/product_cat?post=198"},{"taxonomy":"product_tag","embeddable":true,"href":"https:\/\/margreiter.ch\/en\/wp-json\/wp\/v2\/product_tag?post=198"}],"curies":[{"name":"wp","href":"https:\/\/api.w.org\/{rel}","templated":true}]}}