{"id":183,"date":"2013-09-17T13:41:42","date_gmt":"2013-09-17T13:41:42","guid":{"rendered":"http:\/\/margreiter.zge.la\/?post_type=product&#038;p=44"},"modified":"2014-10-22T13:35:02","modified_gmt":"2014-10-22T13:35:02","slug":"edelweisshemd-mit-hemdkragen-hellblau","status":"publish","type":"product","link":"https:\/\/margreiter.ch\/en\/produkt\/edelweisshemd-mit-hemdkragen-hellblau\/","title":{"rendered":"Edelweisshemd mit Hemdkragen (hellblau)"},"content":{"rendered":"<p>Material: Jacquard-Qualit\u00e4tsgewebe aus\u00a0reiner Baumwolle, Innenseite leicht gerauht, einlaufvorbehandelt (sanforisiert), b\u00fcgelleichte Ausr\u00fcstung (easy-care) sehr strapazierf\u00e4hig<\/p>\n<p>Passform: Seiten gerade geschnitten, eher lang &#8211; werden \u00fcblicherweise in der Hose getragen<\/p>\n<p>Gr\u00f6ssenhinweis: Gr\u00f6sse gibt Halsumfang an<\/p>\n<p>Durchgekn\u00f6pft mit Hemdkragen und Brusttasche<\/p>\n","protected":false},"excerpt":{"rendered":"<p>Material: Jacquard-Qualit\u00e4tsgewebe aus\u00a0reiner Baumwolle, Innenseite leicht gerauht, einlaufvorbehandelt (sanforisiert), b\u00fcgelleichte Ausr\u00fcstung (easy-care) sehr strapazierf\u00e4hig Passform: Seiten gerade geschnitten, eher lang &#8211; werden \u00fcblicherweise in der Hose getragen Gr\u00f6ssenhinweis: Gr\u00f6sse gibt Halsumfang an Durchgekn\u00f6pft mit Hemdkragen und Brusttasche<\/p>\n","protected":false},"featured_media":394,"comment_status":"open","ping_status":"closed","template":"","meta":[],"product_cat":[177,178,179],"product_tag":[221,263,265,261,266],"_links":{"self":[{"href":"https:\/\/margreiter.ch\/en\/wp-json\/wp\/v2\/product\/183"}],"collection":[{"href":"https:\/\/margreiter.ch\/en\/wp-json\/wp\/v2\/product"}],"about":[{"href":"https:\/\/margreiter.ch\/en\/wp-json\/wp\/v2\/types\/product"}],"replies":[{"embeddable":true,"href":"https:\/\/margreiter.ch\/en\/wp-json\/wp\/v2\/comments?post=183"}],"wp:featuredmedia":[{"embeddable":true,"href":"https:\/\/margreiter.ch\/en\/wp-json\/wp\/v2\/media\/394"}],"wp:attachment":[{"href":"https:\/\/margreiter.ch\/en\/wp-json\/wp\/v2\/media?parent=183"}],"wp:term":[{"taxonomy":"product_cat","embeddable":true,"href":"https:\/\/margreiter.ch\/en\/wp-json\/wp\/v2\/product_cat?post=183"},{"taxonomy":"product_tag","embeddable":true,"href":"https:\/\/margreiter.ch\/en\/wp-json\/wp\/v2\/product_tag?post=183"}],"curies":[{"name":"wp","href":"https:\/\/api.w.org\/{rel}","templated":true}]}}